{"id":194,"date":"2010-09-04T08:47:45","date_gmt":"2010-09-04T06:47:45","guid":{"rendered":"http:\/\/www.foto.lamker.de\/?page_id=194"},"modified":"2015-10-25T12:26:36","modified_gmt":"2015-10-25T10:26:36","slug":"testberichte","status":"publish","type":"page","link":"http:\/\/www.foto.lamker.de\/?page_id=194","title":{"rendered":"Testberichte"},"content":{"rendered":"<p><a href=\"http:\/\/www.foto.lamker.de\/?attachment_id=196\" rel=\"attachment wp-att-196\"><img loading=\"lazy\" decoding=\"async\" class=\"aligncenter size-medium wp-image-196\" title=\"K7_DoubleKit_525px\" src=\"http:\/\/www.foto.lamker.de\/wp-content\/uploads\/2010\/09\/K7_DoubleKit_525px-500x281.jpg\" alt=\"\" width=\"500\" height=\"281\" srcset=\"http:\/\/www.foto.lamker.de\/wp-content\/uploads\/2010\/09\/K7_DoubleKit_525px-500x281.jpg 500w, http:\/\/www.foto.lamker.de\/wp-content\/uploads\/2010\/09\/K7_DoubleKit_525px-150x84.jpg 150w, http:\/\/www.foto.lamker.de\/wp-content\/uploads\/2010\/09\/K7_DoubleKit_525px.jpg 525w\" sizes=\"auto, (max-width: 500px) 100vw, 500px\" \/><\/a><\/p>\n<p>Bereits seit 2003 habe ich verschiedene Praxis-Testberichte zu Kameras von Pentax aus der *istD- und Pentax K-Reihe geschrieben, von denen ich euch hier die interessantesten \u00e4lteren Testbericht sowie neue Berichte zum Download zur Verf\u00fcgung stelle:<\/p>\n<h3>Pentax Systemkameras<\/h3>\n<p><a title=\"Praxistest PENTAX Q von Christian Lamker\" href=\"http:\/\/www.foto.lamker.de\/Download\/Pentax_Q.pdf\" target=\"_blank\">Pentax Q<\/a><\/p>\n<h3>Pentax K-Reihe<\/h3>\n<p><a href=\"http:\/\/www.foto.lamker.de\/Download\/Pentax_K100D.pdf\" target=\"_blank\">Pentax K100D<\/a><\/p>\n<p><a href=\"http:\/\/www.foto.lamker.de\/Download\/Pentax_K10D.pdf\" target=\"_blank\">Pentax K10D<\/a><\/p>\n<p><a href=\"http:\/\/www.foto.lamker.de\/Download\/Pentax_K20D.pdf\" target=\"_blank\">Pentax K20D<\/a><\/p>\n<p><a href=\"http:\/\/www.foto.lamker.de\/Download\/Pentax_Km.pdf\" target=\"_blank\">Pentax K-m<\/a><\/p>\n<p><a href=\"http:\/\/www.foto.lamker.de\/Download\/Pentax_K-7.pdf\" target=\"_blank\">Pentax K-7<\/a><\/p>\n<p><a href=\"..\/Download\/Pentax_K-5.pdf\" target=\"_blank\">Pentax K-5<\/a><\/p>\n<h3>Pentax *istD-Reihe<\/h3>\n<p><a href=\"http:\/\/www.foto.lamker.de\/Download\/Pentax_istD.pdf\" target=\"_blank\">Pentax *istD<\/a><\/p>\n<p><a href=\"http:\/\/www.foto.lamker.de\/Download\/Pentax_istDS.pdf\" target=\"_blank\">Pentax *istDS<\/a><\/p>\n<p><em>Viel Spa\u00df beim Lesen!<\/em><\/p>\n<p><strong>Copyright <\/strong>f\u00fcr alle Testberichte: Christian Lamker. Jede Vervielf\u00e4ltigung oder Ver\u00f6ffentlichung an anderer Stelle, auch in Teilen, ist untersagt.<\/p>\n<p><em>Alle verwendeten Markennamen &amp; Warenzeichen sind Eigentum der jeweiligen Firma. F\u00fcr die Richtigkeit der Angaben kann keine Haftung \u00fcbernommen werden, bei Fehlern bitte den Autor benachrichtigen. Trotz sorgf\u00e4ltiger Pr\u00fcfung k\u00f6nnen Fehler nicht ausgeschlossen werden. F\u00fcr die Inhalte verlinkter externe Seiten kann keine Verantwortung \u00fcbernommen werden und der Autor distanziert sich hiermit deutlich von deren Inhalt. Jegliche Anspr\u00fcche gegen\u00fcber dem Autor dieses Texts, die sich durch die Nutzung dieses Angebots oder hier ver\u00f6ffentlichte Informationen ergeben, sind ausgeschlossen.<br \/>\n<\/em><\/p>\n","protected":false},"excerpt":{"rendered":"<p>Bereits seit 2003 habe ich verschiedene Praxis-Testberichte zu Kameras von Pentax aus der *istD- und Pentax K-Reihe geschrieben, von denen ich euch hier die interessantesten \u00e4lteren Testbericht sowie neue Berichte zum Download zur Verf\u00fcgung stelle: Pentax Systemkameras Pentax Q Pentax K-Reihe Pentax K100D Pentax K10D Pentax K20D Pentax K-m Pentax K-7 Pentax K-5 Pentax *istD-Reihe &hellip; <a href=\"http:\/\/www.foto.lamker.de\/?page_id=194\" class=\"more-link\"><span class=\"screen-reader-text\">Testberichte<\/span> weiterlesen <span class=\"meta-nav\">&rarr;<\/span><\/a><\/p>\n","protected":false},"author":1,"featured_media":0,"parent":0,"menu_order":0,"comment_status":"open","ping_status":"open","template":"","meta":{"footnotes":""},"class_list":["post-194","page","type-page","status-publish","hentry"],"_links":{"self":[{"href":"http:\/\/www.foto.lamker.de\/index.php?rest_route=\/wp\/v2\/pages\/194","targetHints":{"allow":["GET"]}}],"collection":[{"href":"http:\/\/www.foto.lamker.de\/index.php?rest_route=\/wp\/v2\/pages"}],"about":[{"href":"http:\/\/www.foto.lamker.de\/index.php?rest_route=\/wp\/v2\/types\/page"}],"author":[{"embeddable":true,"href":"http:\/\/www.foto.lamker.de\/index.php?rest_route=\/wp\/v2\/users\/1"}],"replies":[{"embeddable":true,"href":"http:\/\/www.foto.lamker.de\/index.php?rest_route=%2Fwp%2Fv2%2Fcomments&post=194"}],"version-history":[{"count":25,"href":"http:\/\/www.foto.lamker.de\/index.php?rest_route=\/wp\/v2\/pages\/194\/revisions"}],"predecessor-version":[{"id":1014,"href":"http:\/\/www.foto.lamker.de\/index.php?rest_route=\/wp\/v2\/pages\/194\/revisions\/1014"}],"wp:attachment":[{"href":"http:\/\/www.foto.lamker.de\/index.php?rest_route=%2Fwp%2Fv2%2Fmedia&parent=194"}],"curies":[{"name":"wp","href":"https:\/\/api.w.org\/{rel}","templated":true}]}}