{"id":57,"date":"2010-04-25T09:33:10","date_gmt":"2010-04-25T07:33:10","guid":{"rendered":"http:\/\/www.foto.lamker.de\/?page_id=57"},"modified":"2010-04-29T17:13:49","modified_gmt":"2010-04-29T15:13:49","slug":"software","status":"publish","type":"page","link":"http:\/\/www.foto.lamker.de\/?page_id=57","title":{"rendered":"Software"},"content":{"rendered":"<p>RenExif, Touch \/ DirTouch und der Aufl\u00f6sungsrechner wurden urspr\u00fcnglich aus dem DigitalFotoNetz-Forum heraus entwickelt und im DigitalFotoNetz ver\u00f6ffentlicht. Nach einem Betreiberwechsel im M\u00e4rz 2010 stelle ich euch nun hier diese Programme zur Verf\u00fcgung.<\/p>\n<h2>RenExif 2.1.1<\/h2>\n<p>H\u00e4ufig wird immer wieder nach einer guten  M\u00f6glichkeit                gesucht, die Dateinamen von Fotos zu ver\u00e4ndern, damit man  sie                hinterher leichter ordnen kann. Oft gefragt wird nach  Datum und\/oder                Zeit. Thomas Zimmermann (&#8218;Flachmann&#8216;) hat sich die M\u00fche  gemacht,                ein kleines Programm zu schreiben, mit dem genau dieses  m\u00f6glich                ist. Vor allem die Batch-Umbenennung vieler Fotos  gleichzeitig ist                eine der St\u00e4rken dieses Programms.<\/p>\n<p>Hier eine kurze Beschreibung f\u00fcr dieses  &#8222;Umbenennungstool&#8220;.                Das Archiv enth\u00e4lt eine vollst\u00e4ndige Beschreibung des                Programms in englischer Sprache mit einigen  Aufrufbeispielen. Der                Aufruf kann sowohl Batch (im &#8222;DOS-Modus&#8220;) als auch \u00fcber                GUI (grafische Benutzeroberfl\u00e4che) erfolgen.<\/p>\n<p><strong>Batch-Aufruf:<\/strong><\/p>\n<blockquote><p><strong>RenExif &lt;file path&gt;<\/strong> [&lt;file                  path&gt; [&#8230;]] [\/F:&#8220;&lt;format&gt;&#8220;]<br \/>\n[\/O] [\/T] [\/D] [\/Nn] [\/Y] [\/C] [\/R] [\/S] [\/?]<\/p>\n<p>wobei <strong>&lt;file path&gt;<\/strong> der                  Pfad zu den umzunennenden Dateien ist. Dabei d\u00fcrfen  Platzhalter                  (z.B. IMGP*.jpg) verwendet werden! Im Batch-Modus k\u00f6nnen                   mehrere Pfade\/Dateien angegeben werden. Der Pfadname  darf keine                  Leerzeichen enthalten!<\/p>\n<p><strong>\/F:&#8220;&lt;format&gt;&#8220;<\/strong> (optional) spezifiziert das zu benutzende Format mit dem  die Originaldateinamen                  umbenannt werden sollen. Wenn<strong> \/D<\/strong> angegeben wurde,                  wird der Originaldateiname gel\u00f6scht. Ansonsten wird  dieser                  Formatteil vor den Originaldateinamen gestellt.  Gleichbleibender                  Text muss durch Apostroph (&#8218;) gekennzeichnet werden, er  wird dann                  allen Dateien an entsprechender Stelle hinzugef\u00fcgt. Wird                   der <strong>\/F:<\/strong>-Parameter nicht angegeben, dann  wird                  die Vorgabe \/F:&#8220;yyyy-mm-dd-hh-nn-ss_&#8220; verwendet.<\/p>\n<p>Die folgenden Zeichen k\u00f6nnen verwendet  werden:<\/p>\n<blockquote><p>yy,yyyy &#8211; Jahr-Formate (kurz, lang)<\/p>\n<p>m,mm,mmm,mmmm &#8211; Monat-Formate (kurz, lang, Namen)<\/p>\n<p>d,dd,ddd,dddd &#8211; Tag-Formate (kurz, lang, Namen)<\/p>\n<p>ddddd,dddddd &#8211; volle Datums-Formate (kurz, lang)<\/p>\n<p>h,hh &#8211; Stunde-Formate (kurz, lang)<\/p>\n<p>n,nn &#8211; Minute-Formate (kurz, lang)<\/p>\n<p>s,ss &#8211; Sekunde-Formate (kurz, lang)<\/p>\n<p>t,tt &#8211; volle Zeit-Formate (kurz, lang)<\/p>\n<p>c &#8211; systeminternes Zeitformat (OS)<\/p>\n<p>am\/pm &#8211; verwende 12-Stunden-Format mit &#8218;am&#8217;\/&#8217;pm&#8216;<\/p>\n<p>a\/p &#8211; verwende 12-Stunden-Format mit &#8218;a&#8217;\/&#8217;p&#8216;<\/p>\n<p>Model &#8211; stellt das Kameramodell dar, z.B. &#8222;PENTAX  Optio330RS&#8220;.                    Unter Trans\u00aclations&#8230; kann der Wert \u00fcbersetzt  wer\u00acden.<\/p>\n<p>Size &#8211; stellt die Bildaufl\u00f6sung dar, z.B. &#8222;2048&#215;1536&#8220;.                     Diese Werte kommen aus den Exif-Daten und m\u00fcssen nicht                     zwangsl\u00e4ufig mit der tats\u00e4chlichen Bildgr\u00f6\u00dfe                    \u00fcber\u00aceinstimmen.<\/p>\n<p>Orient &#8211; liefert die Bildorientierung: &#8222;P&#8220; f\u00fcr                    Portr\u00e4t\/vertikal, &#8222;L&#8220; f\u00fcr horizontal. Unter                    Translations&#8230; kann der Wert \u00fcbersetzt werden.<\/p>\n<p>jeder andere Text bleibt unver\u00e4ndert. Text in  Apostrophen                    wird nie ge\u00e4ndert, au\u00dfer den vordefi\u00acnierten                    Parametern Model, Size und Orient.<\/p><\/blockquote>\n<p>Um den Dateinamen unver\u00e4ndert zu  belassen,                  z.B. in Kombination mit dem <strong>\/T-<\/strong>Parameter,  bitte                  einen Leerstring mit zwei Apostrophen angeben: \/F:&#8220;&#8220;&#8220;.                  Achtung: wenn der \/F:-Parameter nicht angegeben wird,  wird die                  Vorgabe \/F:&#8220;yyyy-mm-dd-hh-nn-ss_&#8220; verwendet.<\/p>\n<p>Wenn das Format einen Backslash (\\)  oder einen                  Doppelpunkt (:) enth\u00e4lt, nimmt RenExif an, dass es sich  um                  einen Umbenennung \u00fcber Pfadnamen h\u00e4lt. Auf diese Weise                  ist es m\u00f6glich in Unterverzeichnisse, die aus  Exif-Informationen                  erzeugt werden, umzunennen, z.B. nach  &#8222;C:\\Fotos\\2003.08.26\\IMGP1234.jpg&#8220;.<\/p>\n<p>Durch die Verwendung des <strong>\/C<\/strong>-Parameters                   werden Dateien kopiert und nicht verschoben.<\/p>\n<p><strong>\/O<\/strong> (optional)  verwendet das                  Exif-Feld &#8222;OriginalDateTime&#8220; statt &#8222;DateTime&#8220;.                  Wenn &#8222;OriginalDateTime&#8220; nicht vorhanden ist, wird  &#8222;DateTime&#8220;                  verwendet, und umgekehrt. In den meisten F\u00e4llen d\u00fcrften                  beide Daten allerdings gleich sein.<\/p>\n<p><strong>\/T<\/strong> (optional) \u00e4ndert  zus\u00e4tzlich                  das \u00c4nderungsdatum der Datei. Durch diesen Pa\u00acrameter                  wird der Dateiname nicht ge\u00e4ndert.<br \/>\nWichtig: die Datei darf nicht schreibgesch\u00fctzt sein!<\/p>\n<p><strong>\/D<\/strong> (optional) l\u00f6scht  den                  Original-Dateinamen.<br \/>\nWarnung: dies kann zu nicht eindeutigen Dateinamen  f\u00fchren                  und sollte mit dem \/Nn-Parameter genutzt werden.<br \/>\nIn Kombination mit dem \/Y-Parameter werden existierende  Dateien                  \u00fcberschrieben.<\/p>\n<p><strong>\/Nn<\/strong> (optional) h\u00e4ngt  eine                  laufende Nummer, beginnend mit 1, an das Ende des  Dateinamens.                  n legt die L\u00e4nge der anzuh\u00e4ngenden Ziffern fest, z.B.                  \/N4 verwendet vierstellige Nummern, \/N2 verwendet  zweistellige                  Nummern. Die Vorgabe ist dreistellige Nummern und  entspricht \/N3.<\/p>\n<p><strong>\/Y <\/strong>(optional)  \u00fcberschreibt                  existierende Dateien automatisch. Dieser Pa\u00acrameter kann  in                  Kombination mit \/D und \/Nn verwendet werden. Wenn \/Y  nicht angegeben                  wird, und eine Datei mit glei\u00acchem Namen existiert, wird  eine                  Ziffer bzw. ein Buchstabe an den Dateinamen angeh\u00e4ngt.  Die                  existierende Datei wird nicht \u00fcberschrieben.<\/p>\n<p><strong>\/C<\/strong> (optional) kopiert  die Dateien,                  statt sie umzunennen (zu verschieben). Die Originaldatei  bleibt                  unver\u00e4ndert erhalten.<\/p>\n<p><strong>\/R<\/strong> (optional)  verarbeitet auch                  alle Unterverzeichnisse.<\/p>\n<p><strong>\/S <\/strong>(optional) zeigt  ein Fortschrittsfenster                  f\u00fcr Dateiumbenennungen an.<\/p>\n<p><strong>\/?, -?<\/strong> (optional)  zeigt ein                  Versionsfenster.<\/p><\/blockquote>\n<p>Die Anordnung der Parameter ist  wahlfrei. Jeder                Parameter muss durch ein oder mehreren Leerzeichen  getrennt werden.<\/p>\n<p>Wenn die gew\u00fcnschten Informationen nicht                 in der Datei enthalten sind, werden Vorgabewerte zur\u00fcck  geliefert,                d.h. die Worte &#8222;Model&#8220; f\u00fcr Model, &#8222;Size&#8220;                f\u00fcr Size und ein unver\u00e4nderter Datum-\/Zeitformat-String                f\u00fcr Zeitangaben. Der Dateiinhalt selbst wird nie  ver\u00e4ndert.<\/p>\n<p><strong>Translations&#8230;<\/strong><br \/>\nDieser Men\u00fcpunkt erlaubt eine \u00dcbersetzungsliste f\u00fcr                Model und Orientierung zu pflegen. Beispielsweise kann f\u00fcr                 &#8222;PENTAX Optio330RS&#8220; einfach der Wert &#8222;330RS&#8220;                geliefert werden oder andere Werte als &#8222;P&#8220; f\u00fcr  &#8222;Hochformat&#8220;                bzw. &#8222;L&#8220; f\u00fcr &#8222;Querformat &#8222;. Die \u00dcbersetzungen                gelten sowohl im Batch- als auch im GUI-Modus, k\u00f6nnen aber                 nur im GUI-Modus gepflegt werden.<\/p>\n<p>Der <strong>GUI-Aufruf<\/strong> erfolgt  einfach                ohne Parameter. Die Parameter k\u00f6nnen dann in der GUI  gew\u00e4hlt                werden. Dies sollte eigentlich selbsterkl\u00e4rend sein.  Testet                alle Funktionen erst an einigen Dateien, bevor ihr euch an  die richtigen                Bilddateien wagt. Sicher ist sicher.<\/p>\n<p><strong>Download:<\/strong><br \/>\n<a href=\"http:\/\/www.foto.lamker.de\/Download\/RenExif.zip\" target=\"_blank\">RenExif 2.1.1<\/a><\/p>\n<p><em><span style=\"color: #000000;\">Das Tool ist Freeware! Die Benutzung                erfolgt auf eigenes Risiko! Ich \u00fcbernehme keinerlei  Garantie                f\u00fcr irgendwas. Falls also nach der Installation von  &#8222;RenExif&#8220;                ein Flugzeug in Dein Haus fliegt, Dein Keller \u00fcberflutet  wird                oder nur die Festplatte gel\u00f6scht wird: es liegt bestimmt  nicht                an diesem Programm. Bei Fragen &amp; Problemen bitte das  DigitalFotoNetz-Forum benutzen.<\/span><\/em><\/p>\n<h2><span style=\"color: #000000;\">Touch \/ DirTouch 1.4.1<\/span><\/h2>\n<p>Nach dem erfolgreichen RenExif gibt es nun mit <strong>DirTouch<\/strong> und <strong>Touch<\/strong> zwei  weitere Freeware-Programme. Das Programm  DirTouch                kann etwas, was Windows von sich aus nicht erm\u00f6glicht und  auch                sonst nur wenige Programme k\u00f6nnen: das Setzen des  Verzeichnisdatums!                Touch macht das gleiche, allerdings auf Dateien bezogen.<\/p>\n<p>Grundlage f\u00fcr das neu gesetzte  Verzeichnisdatum                ist die \u00e4lteste bzw. am l\u00e4ngsten nicht ge\u00e4nderte                Datei in einem Verzeichnis. Alternativ kann auch die  neueste Datei                genommen werden. Au\u00dferdem ist es m\u00f6glich, die Suche \u00fcber                Unterverzeichnise auszudehnen.<\/p>\n<p>DirTouch kann ausschlie\u00dflich per DOS-Box                (Eingabeaufforderung) ausgef\u00fchrt werden, ein GUI-Aufruf  ist                nicht m\u00f6glich.<\/p>\n<p><strong>Syntax<\/strong><\/p>\n<blockquote><p><strong>DirTouch<\/strong> &lt;path&gt; [\/S] [\/C]  [\/N]                  [\/-M] [timestamp]<\/p>\n<p><strong>Touch<\/strong> &lt;files&gt; [\/S]  [timestamp]<\/p>\n<p>&lt;path&gt; steht f\u00fcr das Verzeichnis,                   auf das DirTouch angewendet werden soll<\/p>\n<p>&lt;files&gt; steht f\u00fcr eine oder mehrere  Dateien,                  die verarbeitet werden sollen. Als Platzhalter kann &#8222;*&#8220;                  benutzt werden. Dateien d\u00fcrfen keine Leerzeichen  enthalten.<\/p>\n<p>[timestamp] erlaubt die Vorgabe einer  Zeit im                  Format der aktuellen Systemzeit, bei deutschen  Windows-Systemen                  in der Regel z.B. &#8222;24.12.2006 14:45&#8220;<br \/>\nEin Beispiel kann \u00fcber die Kurzhilfe abgerufen werden  (Parameter                  &#8222;\/?&#8220;)<\/p>\n<p><em>Touch: <\/em>ist kein timestamp  definiert, wird                  die aktuelle Systemzeit verwendet<br \/>\n<em>DirTouch:<\/em> ist kein timestamp definiert, wird das  Datum                  der \u00e4ltesten Datei in dem durchsuchten Verzeichnis  \u00fcbernommen,                  alternativ das Datum der neuesten Datei (Parameter &#8222;\/N&#8220;)<\/p>\n<p>Timestamp-Parameter wird als &#8222;piped  input&#8220;                  akzeptiert, wenn der Parameter \/P gegeben ist:<br \/>\ntimestamp | Touch &lt;files&gt; <strong>\/P<\/strong> [\/S]  [\/C]                  [-M]<br \/>\ntimestamp | DirTouch &lt;directory&gt; <strong>\/P<\/strong> [\/S]                  [\/T] [\/N]<\/p><\/blockquote>\n<p><strong>Zus\u00e4tzliche Parameter<\/strong><\/p>\n<blockquote><p><strong>\/C<\/strong> <em>(nur DirTouch)<\/em> &#8211;  verwendet die                  aktuelle Systemzeit, [timestamp] wird ignoriert.<\/p>\n<p><strong>\/N<\/strong> <em>(nur DirTouch)<\/em> &#8211;  nimmt                  die neueste anstatt der \u00e4ltesten Datei<br \/>\nwird ignoriert, wenn [timestamp] gesetzt ist<\/p>\n<p><strong>\/C<\/strong> <em>(nur Touch)<\/em> &#8211; ver\u00e4ndert                  auch das Dateierstellungsdatum. Standard: aus.<\/p>\n<p><strong>\/-M<\/strong> <em>(nur Touch)<\/em> &#8211; Datum                  der letzten Ver\u00e4nderung wird NICHT in den Dateien  aktualisiert.                  Standard: ein.<\/p>\n<p><strong>\/P<\/strong> &#8211; verwendet  timestamp des                  &#8222;piped input&#8220; and ignoriert den vorhanden. Standard:                  aus.<\/p>\n<p><strong>\/S<\/strong> &#8211;\u00a0 bearbeitet auch die  Unterverzeichnisse<\/p>\n<p><strong>\/?<\/strong> &#8211;\u00a0 bietet eine englische                  Kurzhilfe<\/p><\/blockquote>\n<p>Die Parameter k\u00f6nnen in beliebiger  Reihenfolge                hinter &lt;path&gt; oder &lt;files&gt; angeh\u00e4ngt werden  und                m\u00fcssen jeweils durch mindestens ein Leerzeichen getrennt  sein.<\/p>\n<p><strong>Download:<\/strong><br \/>\n<a href=\"http:\/\/www.foto.lamker.de\/Download\/Touch.zip\" target=\"_blank\">Touch \/ DirTouch 1.4.1<\/a><\/p>\n<p><em><span style=\"color: #000000;\">Das  Tool ist Freeware! Die Benutzung                erfolgt auf eigenes  Risiko! Ich \u00fcbernehme keinerlei  Garantie                f\u00fcr irgendwas.  Falls also nach der Installation von  &#8222;Touch&#8220;                bzw. &#8222;DirTouch&#8220; ein  Flugzeug in Dein Haus fliegt, Dein Keller \u00fcberflutet  wird                 oder nur die Festplatte gel\u00f6scht wird: es liegt bestimmt  nicht                 an diesem Programm. Bei Fragen &amp; Problemen bitte das  DigitalFotoNetz-Forum  benutzen.<\/span><\/em><\/p>\n<h2>Aufl\u00f6sungsrechner 1.2.0<\/h2>\n<p><a rel=\"attachment wp-att-91\" href=\"http:\/\/www.foto.lamker.de\/?attachment_id=91\"><img loading=\"lazy\" decoding=\"async\" class=\"aligncenter size-medium wp-image-91\" title=\"Aufloesungsrechner\" src=\"http:\/\/www.foto.lamker.de\/wp-content\/uploads\/2010\/04\/Aufloesungsrechner-432x500.jpg\" alt=\"\" width=\"432\" height=\"500\" srcset=\"http:\/\/www.foto.lamker.de\/wp-content\/uploads\/2010\/04\/Aufloesungsrechner-432x500.jpg 432w, http:\/\/www.foto.lamker.de\/wp-content\/uploads\/2010\/04\/Aufloesungsrechner-86x100.jpg 86w, http:\/\/www.foto.lamker.de\/wp-content\/uploads\/2010\/04\/Aufloesungsrechner.jpg 465w\" sizes=\"auto, (max-width: 432px) 100vw, 432px\" \/><\/a><\/p>\n<p>Wer m\u00f6chte nicht ab und zu gerne schnell  durchrechnen,                welche Aufl\u00f6sung ein Bild haben muss, um es in einer  bestimmen                Qualit\u00e4t und Gr\u00f6\u00dfe zu drucken oder auch umgekehrt,                bis zu welcher Gr\u00f6\u00dfe oder Qualit\u00e4t die Aufl\u00f6sung                reicht oder bis wie viel Megapixel man wegschneiden darf,  um meine                gew\u00fcnschte Qualit\u00e4t noch zu erhalten. Das Gleiche gilt                auch f\u00fcr die Frage, wie viel Megapixel mehr Aufl\u00f6sung                man haben m\u00fcsste, um eine bestimmte L\u00e4nge mehr an  Brennweite                auszugleichen. Alles rein theoretische \u00dcberlegungen, aber  trotzdem                ab und zu recht n\u00fctzlich.<\/p>\n<p>Da die meisten Tools nur online  funktionieren und                nicht alles abdecken, das Mitglied &#8222;der Chris&#8220; aus dem DigitalFotoNetz-Forum               kurzerhand ein eigenes kleines Programm geschrieben. Es  ist bisher                alles drin, was ihm an sinnvollen und hilfreichen  Funktionen in                diesem Bereich eingefallen ist. Auf diesem Weg lassen sich  derartige                Berechnungen einfach und ohne Taschenrechner oder Excel  erledigen.<\/p>\n<p>Das Programm ist grafisch schlicht  gehalten und                verzichtet auf Spielereien. Daf\u00fcr ist es aber auch nur  0,125                MB gro\u00df. &#8222;der Chris&#8220; stellt das Programm als Freeware                zur Verf\u00fcgung. Es  gibt                nat\u00fcrlich trotzdem keine Garantie auf die Benutzung oder  Funktionsf\u00e4higkeit.                Viel Spa\u00df mit dem Programm!<\/p>\n<p><strong>Versions-Historie:<\/strong><\/p>\n<p>V1.0:<br \/>\nInitial Release<\/p>\n<p>V1.1:<br \/>\nMegapixelrechner hinzugef\u00fcgt<\/p>\n<p>V1.2:<br \/>\n&#8211; Druckgr\u00f6\u00dfenrechner (Panoramarecher) hinzugef\u00fcgt<br \/>\n&#8211; Oberfl\u00e4che umstrukturiert (Fotogr\u00f6\u00dfe und  Aufl\u00f6sungsrechner                zusammengelegt, Brennweiten Crop nach unten gesetzt)<br \/>\n&#8211; alternative Sprache: englisch<\/p>\n<p><strong>Download<\/strong>:<br \/>\n<a href=\"http:\/\/www.foto.lamker.de\/Download\/ckar_tool.zip\" target=\"_blank\">Aufl\u00f6sungsrechner 1.2.0<\/a><\/p>\n<p><strong>Weitere Informationen<\/strong>:<br \/>\n<a href=\"http:\/\/forum.digitalfotonetz.de\/viewtopic.php?t=43365\" target=\"_blank\">Diskussion im DigitalFotoNetz-Forum<\/a><\/p>\n","protected":false},"excerpt":{"rendered":"<p>RenExif, Touch \/ DirTouch und der Aufl\u00f6sungsrechner wurden urspr\u00fcnglich aus dem DigitalFotoNetz-Forum heraus entwickelt und im DigitalFotoNetz ver\u00f6ffentlicht. Nach einem Betreiberwechsel im M\u00e4rz 2010 stelle ich euch nun hier diese Programme zur Verf\u00fcgung. RenExif 2.1.1 H\u00e4ufig wird immer wieder nach einer guten M\u00f6glichkeit gesucht, die Dateinamen von Fotos zu ver\u00e4ndern, damit man sie hinterher leichter &hellip; <a href=\"http:\/\/www.foto.lamker.de\/?page_id=57\" class=\"more-link\"><span class=\"screen-reader-text\">Software<\/span> weiterlesen <span class=\"meta-nav\">&rarr;<\/span><\/a><\/p>\n","protected":false},"author":1,"featured_media":0,"parent":0,"menu_order":10,"comment_status":"open","ping_status":"open","template":"","meta":{"footnotes":""},"class_list":["post-57","page","type-page","status-publish","hentry"],"_links":{"self":[{"href":"http:\/\/www.foto.lamker.de\/index.php?rest_route=\/wp\/v2\/pages\/57","targetHints":{"allow":["GET"]}}],"collection":[{"href":"http:\/\/www.foto.lamker.de\/index.php?rest_route=\/wp\/v2\/pages"}],"about":[{"href":"http:\/\/www.foto.lamker.de\/index.php?rest_route=\/wp\/v2\/types\/page"}],"author":[{"embeddable":true,"href":"http:\/\/www.foto.lamker.de\/index.php?rest_route=\/wp\/v2\/users\/1"}],"replies":[{"embeddable":true,"href":"http:\/\/www.foto.lamker.de\/index.php?rest_route=%2Fwp%2Fv2%2Fcomments&post=57"}],"version-history":[{"count":11,"href":"http:\/\/www.foto.lamker.de\/index.php?rest_route=\/wp\/v2\/pages\/57\/revisions"}],"predecessor-version":[{"id":62,"href":"http:\/\/www.foto.lamker.de\/index.php?rest_route=\/wp\/v2\/pages\/57\/revisions\/62"}],"wp:attachment":[{"href":"http:\/\/www.foto.lamker.de\/index.php?rest_route=%2Fwp%2Fv2%2Fmedia&parent=57"}],"curies":[{"name":"wp","href":"https:\/\/api.w.org\/{rel}","templated":true}]}}