{"id":70,"date":"2010-04-26T13:03:01","date_gmt":"2010-04-26T11:03:01","guid":{"rendered":"http:\/\/www.foto.lamker.de\/?page_id=70"},"modified":"2011-10-22T21:15:05","modified_gmt":"2011-10-22T19:15:05","slug":"pentax-objektive","status":"publish","type":"page","link":"http:\/\/www.foto.lamker.de\/?page_id=70","title":{"rendered":"Pentax Objektive"},"content":{"rendered":"<p><em>Fotos und Textteile mit freundlicher Genehmigung von Arnold Stark und Pentax Europe.<\/em><\/p>\n<p>F\u00fcr alle hier noch mal die Auflistung der <strong>Pentax Objektiv-Baureihen<\/strong> mit K-Bajonett. Vorher gab es bereits eine Vielzahl von Pentax-Objektiven mit M42-Gewinde, die ber\u00fchmten &#8222;Takumare&#8220;, die man auch heute noch gelegentlich in Gebrauchtb\u00f6rsen finden kann.<\/p>\n<p><strong>SMC K<\/strong>, ab ca. 1975<\/p>\n<blockquote>\n<figure id=\"attachment_71\" aria-describedby=\"caption-attachment-71\" style=\"width: 300px\" class=\"wp-caption aligncenter\"><a href=\"http:\/\/www.foto.lamker.de\/?attachment_id=71\" rel=\"attachment wp-att-71\"><img loading=\"lazy\" decoding=\"async\" class=\"size-full wp-image-71\" title=\"K85_300x377px\" src=\"http:\/\/www.foto.lamker.de\/wp-content\/uploads\/2010\/04\/K85_300x377px.jpg\" alt=\"\" width=\"300\" height=\"377\" srcset=\"http:\/\/www.foto.lamker.de\/wp-content\/uploads\/2010\/04\/K85_300x377px.jpg 300w, http:\/\/www.foto.lamker.de\/wp-content\/uploads\/2010\/04\/K85_300x377px-79x100.jpg 79w\" sizes=\"auto, (max-width: 300px) 100vw, 300px\" \/><\/a><figcaption id=\"caption-attachment-71\" class=\"wp-caption-text\">Pentax SMC 1.8\/85<\/figcaption><\/figure><\/blockquote>\n<ul>\n<li>\n<div>Objektive mit K-Bajonett, deren Blende und Entfernung an Blenden- und Entfernungsring manuell einzustellen ist. Eingef\u00fchrt mit verschiedenen analogen K-Kameramodellen (K2, KX, KM, K1000).<\/div>\n<\/li>\n<li>\n<div>Diese Objektive k\u00f6nnen an allen modernen Digitalkameras verwendet werden. Es funktioniert aber nur manuell. Die Blende muss f\u00fcr die Belichtungsmessung vor der Belichtung durch eine Tastendruck an der Kamera einmal geschlossen werden. Die Belichtung stellt sich dann zum eingestellten Blendenwert automatisch ein. Der Autofokus funktioniert als Sch\u00e4rfenfalle.<\/div>\n<\/li>\n<li>\n<div>Die meisten Objektive der K-Serie sind direkte, optisch meistens identische Nachfolger der &#8222;SMC Takumare&#8220; mit M42-Gewindeanschluss<\/div>\n<\/li>\n<\/ul>\n<p><strong>SMC M<\/strong>, ab ca. 1977<\/p>\n<blockquote>\n<figure id=\"attachment_72\" aria-describedby=\"caption-attachment-72\" style=\"width: 300px\" class=\"wp-caption aligncenter\"><a href=\"http:\/\/www.foto.lamker.de\/?attachment_id=72\" rel=\"attachment wp-att-72\"><img loading=\"lazy\" decoding=\"async\" class=\"size-full wp-image-72\" title=\"M85_300x357\" src=\"http:\/\/www.foto.lamker.de\/wp-content\/uploads\/2010\/04\/M85_300x357.jpg\" alt=\"\" width=\"300\" height=\"357\" srcset=\"http:\/\/www.foto.lamker.de\/wp-content\/uploads\/2010\/04\/M85_300x357.jpg 300w, http:\/\/www.foto.lamker.de\/wp-content\/uploads\/2010\/04\/M85_300x357-84x100.jpg 84w\" sizes=\"auto, (max-width: 300px) 100vw, 300px\" \/><\/a><figcaption id=\"caption-attachment-72\" class=\"wp-caption-text\">Pentax smc-M 2.0\/85<\/figcaption><\/figure><\/blockquote>\n<ul>\n<li>Objektive mit K-Bajonett, ohne Automatikfunktion. Eingef\u00fchrt zur Pentax ME und MX.<\/li>\n<li>\n<div>Diese Objektive k\u00f6nnen an allen modernen DSLR-Modellen verwendet werden. Es funktioniert aber nur manuell. Die Blende muss f\u00fcr die Belichtungsmessung vor der Belichtung durch eine Tastendruck an der Kamera einmal geschlossen werden. Die Belichtung stellt sich dann zum eingestellten Blendenwert automatisch ein. Der Autofokus funktioniert als Sch\u00e4rfenfalle.<\/div>\n<\/li>\n<li>\n<div>Aus Markenschutzgr\u00fcnden wird fortan aus &#8222;SMC&#8220; auf allen Objektiven &#8222;smc&#8220;.<\/div>\n<\/li>\n<li>\n<div>Als eines der letzten M-Objektive und als erstes Objektive mit * wurde 1981 das Pentax smc-M* 4.0\/300 eingef\u00fchrt. Der Stern steht f\u00fcr eine besonders hohe optische Leistung, die hier mit Sondergl\u00e4sern erzielt wurde.<\/div>\n<\/li>\n<\/ul>\n<p><strong> SMC A<\/strong>, ab ca. 1983<\/p>\n<blockquote>\n<figure id=\"attachment_73\" aria-describedby=\"caption-attachment-73\" style=\"width: 300px\" class=\"wp-caption aligncenter\"><a href=\"http:\/\/www.foto.lamker.de\/?attachment_id=73\" rel=\"attachment wp-att-73\"><img loading=\"lazy\" decoding=\"async\" class=\"size-full wp-image-73\" title=\"A20_300x304\" src=\"http:\/\/www.foto.lamker.de\/wp-content\/uploads\/2010\/04\/A20_300x304.jpg\" alt=\"\" width=\"300\" height=\"304\" srcset=\"http:\/\/www.foto.lamker.de\/wp-content\/uploads\/2010\/04\/A20_300x304.jpg 300w, http:\/\/www.foto.lamker.de\/wp-content\/uploads\/2010\/04\/A20_300x304-98x100.jpg 98w\" sizes=\"auto, (max-width: 300px) 100vw, 300px\" \/><\/a><figcaption id=\"caption-attachment-73\" class=\"wp-caption-text\">Pentax smc-A 2.8\/20<\/figcaption><\/figure><\/blockquote>\n<ul>\n<li>\n<div>Objektive mit KA-Bajonett erlauben die Einstellung der Blende von der Kamera aus und erm\u00f6glichen so Programm- und Blendenautomatik. Eingef\u00fchrt zusammen mit der analogen Pentax Super A.<\/div>\n<\/li>\n<li>\n<div>Diese Objektive k\u00f6nnen an allen Pentax DSLR-Modellen verwendet werden. Es gibt hier lediglich Einschr\u00e4nkungen, wie auch bei M-Objektiven in der Belichtungsmessung (nur mittenbetonte Messung), die Motivautomatik funktioniert ebenfalls nicht.<\/div>\n<\/li>\n<li>\n<div>er Blendenring kann bei A-Objektiven in der &#8222;A&#8220;-Stellung verriegelt werden. Au\u00dferdem verf\u00fcgen die Objektive \u00fcber elektronische Kontakte, \u00fcber die der Kamera mitgeteilt wird 1.) welches die gr\u00f6\u00dfte Blende des Objektives ist, 2.) welches die kleinste Blende des Objektives ist und 3.) ob sich der Blendenring in der &#8222;A&#8220;-Stellung befindet. Letzteres erlaubt es allen Kameras ab der Super A, die Blende von der Kamera aus einzustellen. Dieses war die Voraussetzung f\u00fcr Programm- und Blendenautomatik.<\/div>\n<\/li>\n<li>Fast alle K- und M-Objektive wurden nach und nach durch A-Objektive ersetzt, die teilweise optisch identisch waren.<\/li>\n<\/ul>\n<p><strong>SMC F<\/strong>, ab ca. 1988<\/p>\n<blockquote>\n<figure id=\"attachment_74\" aria-describedby=\"caption-attachment-74\" style=\"width: 300px\" class=\"wp-caption aligncenter\"><a href=\"http:\/\/www.foto.lamker.de\/?attachment_id=74\" rel=\"attachment wp-att-74\"><img loading=\"lazy\" decoding=\"async\" class=\"size-full wp-image-74\" title=\"F135_300x436\" src=\"http:\/\/www.foto.lamker.de\/wp-content\/uploads\/2010\/04\/F135_300x436.jpg\" alt=\"\" width=\"300\" height=\"436\" srcset=\"http:\/\/www.foto.lamker.de\/wp-content\/uploads\/2010\/04\/F135_300x436.jpg 300w, http:\/\/www.foto.lamker.de\/wp-content\/uploads\/2010\/04\/F135_300x436-68x100.jpg 68w\" sizes=\"auto, (max-width: 300px) 100vw, 300px\" \/><\/a><figcaption id=\"caption-attachment-74\" class=\"wp-caption-text\">Pentax smc-F 2.8\/135 IF<\/figcaption><\/figure><\/blockquote>\n<ul>\n<li>\n<div>Die F-Serie wurde 1987 pr\u00e4sentiert und war in der \u00e4u\u00dferlichen Gestaltung eng an die gleichzeitig pr\u00e4sentierte graue Pentax SFX angelehnt<\/div>\n<\/li>\n<li>\n<div>Objektive mit F-Bajonett passen ohne Einschr\u00e4nkung an digitale SLR. Erste Autofokus-Objektivreihe von Pentax.<\/div>\n<\/li>\n<li>\n<div>Die Antriebskraft des Motors wird \u00fcber eine Welle bzw. eine Kupplung von der Kamera auf das Objektiv \u00fcbertragen<\/div>\n<\/li>\n<\/ul>\n<p><strong> SMC FA<\/strong>, ab ca. 1991<\/p>\n<blockquote>\n<figure id=\"attachment_75\" aria-describedby=\"caption-attachment-75\" style=\"width: 300px\" class=\"wp-caption aligncenter\"><a href=\"http:\/\/www.foto.lamker.de\/?attachment_id=75\" rel=\"attachment wp-att-75\"><img loading=\"lazy\" decoding=\"async\" class=\"size-full wp-image-75\" title=\"FA35_300x337\" src=\"http:\/\/www.foto.lamker.de\/wp-content\/uploads\/2010\/04\/FA35_300x337.jpg\" alt=\"\" width=\"300\" height=\"337\" srcset=\"http:\/\/www.foto.lamker.de\/wp-content\/uploads\/2010\/04\/FA35_300x337.jpg 300w, http:\/\/www.foto.lamker.de\/wp-content\/uploads\/2010\/04\/FA35_300x337-89x99.jpg 89w\" sizes=\"auto, (max-width: 300px) 100vw, 300px\" \/><\/a><figcaption id=\"caption-attachment-75\" class=\"wp-caption-text\">Pentax smc-FA 2.0\/35 AL<\/figcaption><\/figure><\/blockquote>\n<ul>\n<li>Objektive mit FA-Bajonett passen ohne Einschr\u00e4nkung an digitale SLR. Eingef\u00fchrt zusammen mit Kameras der Z-Serie (z.B. Z1, Z10).<\/li>\n<li>\n<div>Bei einem Teil dieser Objektive konnte die Brennweitenverstellung motorisch vorgenommen werden (Powerzoom), dies funktioniert auch an der K10D. Erweiterte Powerzoom Funktionen stehen jedoch nicht zur Verf\u00fcgung.<\/div>\n<\/li>\n<li>\n<div>Erstmals in der FA-Reihe gibt es ab 1997 Limited-Objektive (31, 43 und 77mm), das sind Festbrennweiten mit hoher Qualit\u00e4t, die auch gehobene Anspr\u00fcche an Optik und Haptik befriedigen sollen.<\/div>\n<\/li>\n<li>\n<div>Eine neue, mit den FA-Objektiven eingef\u00fchrte Eigenschaft ist, dass das Objektiv der Kamera mitteilt, welche Blende &#8222;optimal&#8220; ist &#8211; d.h. bei welchem Blendenwert der Objektkontrast vom Objektiv optimal auf das Bild \u00fcbertragen wird.<\/div>\n<\/li>\n<li>\n<div>Passend zum &#8222;(semi)professionellen&#8220; Anspruch der Z1 kamen etliche lichtstarke FA*-Objektive auf den Markt. Sie zeichnen sich s\u00e4mtlich aus durch Innenfokussierung sowie silberne Fassungen (deren Lackierung allerdings leicht verkratzt). Anders als bei den F*-Objektiven sind die Gegenlichtblenden nicht eingebaut sondern werden per Bajonett angebracht. Ein Vorteil der FA*-Objektive gegen\u00fcber F*-Objektiven ist, dass durch Vor- bzw.- Zur\u00fcckschieben des Fokussierringes sofort zwischen automatischem und manuellem Fokussieren umgeschaltet wird &#8211; bei den F*-Objektiven hingegen wird nicht der Fokussierring selbst sondern ein dahinter liegender Ring vor- bzw. zur\u00fcckbewegt, und zus\u00e4tzlich muss der AF\/MF-Schalter am Kamerageh\u00e4use bet\u00e4tigt werden<\/div>\n<\/li>\n<\/ul>\n<p><strong> SMC FA-J<\/strong>, ab ca. 2002<\/p>\n<blockquote>\n<figure id=\"attachment_76\" aria-describedby=\"caption-attachment-76\" style=\"width: 300px\" class=\"wp-caption aligncenter\"><a href=\"http:\/\/www.foto.lamker.de\/?attachment_id=76\" rel=\"attachment wp-att-76\"><img loading=\"lazy\" decoding=\"async\" class=\"size-full wp-image-76\" title=\"FAJ_28-80mm_300x341px\" src=\"http:\/\/www.foto.lamker.de\/wp-content\/uploads\/2010\/04\/FAJ_28-80mm_300x341px.jpg\" alt=\"\" width=\"300\" height=\"341\" srcset=\"http:\/\/www.foto.lamker.de\/wp-content\/uploads\/2010\/04\/FAJ_28-80mm_300x341px.jpg 300w, http:\/\/www.foto.lamker.de\/wp-content\/uploads\/2010\/04\/FAJ_28-80mm_300x341px-87x100.jpg 87w\" sizes=\"auto, (max-width: 300px) 100vw, 300px\" \/><\/a><figcaption id=\"caption-attachment-76\" class=\"wp-caption-text\">Pentax smc-FA J 3.5-5.6\/28-80<\/figcaption><\/figure><\/blockquote>\n<ul>\n<li>\n<div>Objektive mit FA J-Bajonett passen ohne Einschr\u00e4nkung an digitale SLR.<\/div>\n<\/li>\n<li>\n<div>Diese Objektive sind nur mit Automatikkameras verwendbar, da diese keine Blendeneinstellung am Objektiv bieten. Aus dieser Reihe gab es mit dem FA J 18-35, 28-80 und 70-300 nur drei Objektive, die zusammen mit der analogen Pentax *ist eingef\u00fchrt wurden. Die Objektive verf\u00fcgen nur \u00fcber ein Kunststoffbajonett, sind einfach gefertigt, g\u00fcnstig und bieten eine m\u00e4\u00dfige optische Qualit\u00e4t.<\/div>\n<\/li>\n<li>\n<div>Dem FAJ28-80\/f3.5-5.6 und dem FAJ75-300\/f4.5-5.8 merkt man den sehr g\u00fcnstigen Preis (UVP 99 bzw. 149Euro) nicht nur an der bescheidenen Lichtst\u00e4rke sondern auch an der billigen Fassung an. Das &#8222;J&#8220; wurde daher schnell mit &#8222;Junk&#8220; identifiziert.<\/div>\n<\/li>\n<\/ul>\n<p><strong> SMC DA<\/strong>, ab ca. 2003<\/p>\n<blockquote>\n<figure id=\"attachment_77\" aria-describedby=\"caption-attachment-77\" style=\"width: 325px\" class=\"wp-caption aligncenter\"><a href=\"http:\/\/www.foto.lamker.de\/?attachment_id=77\" rel=\"attachment wp-att-77\"><img loading=\"lazy\" decoding=\"async\" class=\"size-full wp-image-77\" title=\"DA12-24_325px\" src=\"http:\/\/www.foto.lamker.de\/wp-content\/uploads\/2010\/04\/DA12-24_325px.jpg\" alt=\"\" width=\"325\" height=\"232\" srcset=\"http:\/\/www.foto.lamker.de\/wp-content\/uploads\/2010\/04\/DA12-24_325px.jpg 325w, http:\/\/www.foto.lamker.de\/wp-content\/uploads\/2010\/04\/DA12-24_325px-140x100.jpg 140w\" sizes=\"auto, (max-width: 325px) 100vw, 325px\" \/><\/a><figcaption id=\"caption-attachment-77\" class=\"wp-caption-text\">Pentax smc-DA 4.0\/12-24<\/figcaption><\/figure><\/blockquote>\n<ul>\n<li>\n<div>Diese Objektive sind speziell f\u00fcr digitale SLR entwickelt und sind nicht verwendbar an analogen Kameras.<\/div>\n<\/li>\n<li>\n<div>Ab 2005 gibt es auch Limited-Objektive in der DA-Reihe. Das sind optisch und mechanisch besonders herausragende Festbrennweiten, teilweise in besonders kompakter &#8222;Pancake-Bauweise&#8220;.<\/div>\n<\/li>\n<li>\n<div>Mit den DA-Objektiven wurde das &#8222;Quick Focus Shift System eingef\u00fchrt. Dabei l\u00e4sst sich die Fokussierung nach automatischer Scharfstellung (im Sucher leuchte ein Sechseck auf) sofort &#8222;von Hand&#8220; durch Drehen am Entfernungseinstellring korrigieren, ohne dass der AF\/MF-Schalter der Kamera auf MF gestellt werden m\u00fcsste. Ausnahme: smc-DA 3.5-6.3\/18-250.<\/div>\n<\/li>\n<li>\n<div>Da der Bildsensor der digitalen Pentax-Spiegelreflexkameras mit K-Bajonett nur 23,5mm mal 15,7mm gro\u00df ist, br\u00e4uchten DA-Objektive nur einen Bildkreis mit ca. 28,3mm Durchmesser auszuleuchten. Tats\u00e4chlich leuchten sie alle einen etwas gr\u00f6\u00dferen Bildkreis aus (mindestens 33mm Durchmesser). Das ist insbesondere wichtig f\u00fcr die Ausleuchtung der seit der K100D beweglichen Bildsensoren (Pentax ShakeReduction-Sytem)<\/div>\n<\/li>\n<li>\n<div>Seit dem DA10-17 Fish-Eye im Jahr 2006 eingef\u00fchrte Objektive verf\u00fcgen \u00fcber die neue PENTAX SP-Verg\u00fctung (SP = Super Protection) der Frontlinse. Die SP-Verg\u00fctung besteht aus einer Fluoridverbindung, welche wasser- und \u00f6labweisend ist. Das S\u00e4ubern der Linse von Fingerabdr\u00fccken usw. wird so vereinfacht.<\/div>\n<\/li>\n<li>DA-Objektive verf\u00fcgen mehrheitlich \u00fcber eine mechanische\u00a0Autofokus-\u00dcbertragung und k\u00f6nnen damit an allen Pentax DSLR-Modellen genutzt werden. Modelle der DA-Reihe mit Ultraschallmotoren (SDM) k\u00f6nnen nur an entsprechenden Kameras genutzt werden. Ein duales Autofokus-System wird in der DA-Reihe nicht verbaut.<\/li>\n<\/ul>\n<p><strong> SMC-D FA<\/strong>, ab ca. 2004<\/p>\n<blockquote>\n<figure id=\"attachment_78\" aria-describedby=\"caption-attachment-78\" style=\"width: 300px\" class=\"wp-caption aligncenter\"><a href=\"http:\/\/www.foto.lamker.de\/?attachment_id=78\" rel=\"attachment wp-att-78\"><img loading=\"lazy\" decoding=\"async\" class=\"size-full wp-image-78\" title=\"DFA100_300px\" src=\"http:\/\/www.foto.lamker.de\/wp-content\/uploads\/2010\/04\/DFA100_300px.jpg\" alt=\"\" width=\"300\" height=\"216\" srcset=\"http:\/\/www.foto.lamker.de\/wp-content\/uploads\/2010\/04\/DFA100_300px.jpg 300w, http:\/\/www.foto.lamker.de\/wp-content\/uploads\/2010\/04\/DFA100_300px-138x100.jpg 138w\" sizes=\"auto, (max-width: 300px) 100vw, 300px\" \/><\/a><figcaption id=\"caption-attachment-78\" class=\"wp-caption-text\">Pentax smc-D FA 2.8\/100 Macro<\/figcaption><\/figure><\/blockquote>\n<ul>\n<li>Dieses sind die universellsten Objektive aus dem Hause PENTAX, sie passen an alle Kameras und sind digital optimiert.<\/li>\n<li>\n<div>Sie sind gegen\u00fcber den Vorg\u00e4ngern aus der FA-Serie neu gestaltet, kleiner, leichter und weniger robust aber optisch mindestens ebenso leistungsstark bzw. hinsichtlich des Verhaltens bei Gegenlicht den F\/FA-Macros sogar deutlich \u00fcberlegen.<\/div>\n<\/li>\n<li>\n<div>Auch die DFA-Objektive verf\u00fcgen \u00fcber &#8222;Quick Focus Shift&#8220;, d.h. nach automatischer Scharfstellung l\u00e4sst sich die Fokussierung sofort &#8222;von Hand&#8220; durch Drehen am Entfernungseinstellring korrigieren.<\/div>\n<\/li>\n<\/ul>\n<p><strong> SMC DA*<\/strong>, ab 2007<\/p>\n<figure id=\"attachment_79\" aria-describedby=\"caption-attachment-79\" style=\"width: 250px\" class=\"wp-caption aligncenter\"><a href=\"http:\/\/www.foto.lamker.de\/?attachment_id=79\" rel=\"attachment wp-att-79\"><img loading=\"lazy\" decoding=\"async\" class=\"size-full wp-image-79\" title=\"DA16-50_250x389px\" src=\"http:\/\/www.foto.lamker.de\/wp-content\/uploads\/2010\/04\/DA16-50_250x389px.jpg\" alt=\"\" width=\"250\" height=\"389\" srcset=\"http:\/\/www.foto.lamker.de\/wp-content\/uploads\/2010\/04\/DA16-50_250x389px.jpg 250w, http:\/\/www.foto.lamker.de\/wp-content\/uploads\/2010\/04\/DA16-50_250x389px-64x100.jpg 64w\" sizes=\"auto, (max-width: 250px) 100vw, 250px\" \/><\/a><figcaption id=\"caption-attachment-79\" class=\"wp-caption-text\">Pentax smc-DA* 2.8\/16-50 ED AL IF<\/figcaption><\/figure>\n<ul>\n<li>\n<div>Diese Objektive sind speziell f\u00fcr digitale SLR entwickelt und sind nicht verwendbar an analogen Kameras. Sie unterscheiden sich \u00e4u\u00dferlich zu den normalen DA-Ojektiven durch einen goldenen Ring und entsprechende Details in gleicher Farbgebung. Optisch und mechanisch sind DA*-Objektive besonders hochwertig gefertigt. Objektive dieser Baureihe verf\u00fcgen \u00fcber Ultraschallfokussierung und Wasser- und Staubdichtung.<\/div>\n<\/li>\n<li>\n<div>DA*-Objektive weisen wie die FA-Power-Zoom-Objektive wieder 2 Kontakte zur Stromversorgung des Objektivs auf. Der entsprechende Motor ist aber nicht f\u00fcrs Zoomen sondern f\u00fcrs Fokussieren zust\u00e4ndig. Dabei kommen (bei Pentax zum ersten Mal) Ultraschall-Motoren zum Einsatz.<\/div>\n<\/li>\n<li>DA*-Objektive verf\u00fcgen teilweise (DA* 16-50, DA* 50-135, DA* 60-250) \u00fcber ein duales Autofokus-System zur Verwendung sowohl an \u00e4lteren Kameras ohne Stromkontakte wie auch an neueren Kameras mit SDM-Fokussystem.<\/li>\n<li>DA*-Objektive ohne duales Autofokus-System (z.B. DA* 1.4\/55) k\u00f6nnen an \u00e4lteren Kameramodellen nur mit manuellem Fokus genutzt werden. Das hier verwendete Bajonett hat die Bezeichnung <strong>KAF3<\/strong> bekommen.<\/li>\n<\/ul>\n<p><strong>SMC DA L<\/strong>, ab 2008<\/p>\n<blockquote>\n<figure id=\"attachment_80\" aria-describedby=\"caption-attachment-80\" style=\"width: 375px\" class=\"wp-caption aligncenter\"><a href=\"http:\/\/www.foto.lamker.de\/?attachment_id=80\" rel=\"attachment wp-att-80\"><img loading=\"lazy\" decoding=\"async\" class=\"size-full wp-image-80\" title=\"DAL_Reihe_375px\" src=\"http:\/\/www.foto.lamker.de\/wp-content\/uploads\/2010\/04\/DAL_Reihe_375px.jpg\" alt=\"\" width=\"375\" height=\"221\" srcset=\"http:\/\/www.foto.lamker.de\/wp-content\/uploads\/2010\/04\/DAL_Reihe_375px.jpg 375w, http:\/\/www.foto.lamker.de\/wp-content\/uploads\/2010\/04\/DAL_Reihe_375px-150x88.jpg 150w\" sizes=\"auto, (max-width: 375px) 100vw, 375px\" \/><\/a><figcaption id=\"caption-attachment-80\" class=\"wp-caption-text\">Pentax smc-DA L 3.5-5.6\/18-55 und smc-DA L 4-5.6\/50-200<\/figcaption><\/figure><\/blockquote>\n<ul>\n<li>Diese Objektive wurden zusammen mit der K-m im Herbst 2008 eingef\u00fchrt und sind nur im Kit mit einer Kamera, nicht aber einzeln erh\u00e4ltlich<\/li>\n<li>Die Objektive entsprechen optisch ihren Br\u00fcdern aus der DA-Reihe, sind aber g\u00fcnstiger verarbeitet und leichter. Das Bajonett ist aus Kunststoff, QuickShift-Fokus wird nicht unterst\u00fctzt, Aufschriten sind Aufkleber statt Gravuren und auf eine Fokusskala wurde verzichtet.<\/li>\n<li>DA L-Objektive werden ohne Sonnenblenden ausgeliefert<\/li>\n<\/ul>\n<p><strong>SMC DA WR<\/strong>, ab 2009<\/p>\n<figure id=\"attachment_412\" aria-describedby=\"caption-attachment-412\" style=\"width: 500px\" class=\"wp-caption aligncenter\"><a href=\"http:\/\/www.foto.lamker.de\/?attachment_id=412\" rel=\"attachment wp-att-412\"><img loading=\"lazy\" decoding=\"async\" class=\"size-medium wp-image-412\" title=\"DA 18-135 WR mit Dichtungsring am Bajonett\" src=\"http:\/\/www.foto.lamker.de\/wp-content\/uploads\/2010\/04\/IMGP2547_PENTAX-K-7_2011-500x332.jpg\" alt=\"DA 18-135 WR mit Dichtungsring am Bajonett\" width=\"500\" height=\"332\" srcset=\"http:\/\/www.foto.lamker.de\/wp-content\/uploads\/2010\/04\/IMGP2547_PENTAX-K-7_2011-500x332.jpg 500w, http:\/\/www.foto.lamker.de\/wp-content\/uploads\/2010\/04\/IMGP2547_PENTAX-K-7_2011-150x100.jpg 150w, http:\/\/www.foto.lamker.de\/wp-content\/uploads\/2010\/04\/IMGP2547_PENTAX-K-7_2011-1024x680.jpg 1024w, http:\/\/www.foto.lamker.de\/wp-content\/uploads\/2010\/04\/IMGP2547_PENTAX-K-7_2011.jpg 1200w\" sizes=\"auto, (max-width: 500px) 100vw, 500px\" \/><\/a><figcaption id=\"caption-attachment-412\" class=\"wp-caption-text\">Pentax smc-DA 18-135 AL IF DC WR mit Dichtungsring am Bajonett<\/figcaption><\/figure>\n<ul>\n<li>Diese Objektive wurden zusammen mit der K-7 im Sommer 2009 eingef\u00fchrt<\/li>\n<li>Die Objektive entsprechen optisch ihren Br\u00fcdern aus der DA-Reihe, sind aber spritzwasser- und staubgesch\u00fctzt. Das Bajonett ist aus Metall gefertigt und QuickShift wird voll unterst\u00fctzt.<\/li>\n<li>Teilweise wird ein sog. Direct Current Motor (kurz: DCM) f\u00fcr den Autofokus verwendet, der besonders schnell, leise und pr\u00e4zise sein soll.<\/li>\n<\/ul>\n<p><strong>PENTAX Q<\/strong>, ab 2011<\/p>\n<figure id=\"attachment_587\" aria-describedby=\"caption-attachment-587\" style=\"width: 500px\" class=\"wp-caption aligncenter\"><a href=\"http:\/\/www.foto.lamker.de\/wp-content\/uploads\/2011\/10\/IMGP9450_PENTAX-K-7_2011.jpg\"><img loading=\"lazy\" decoding=\"async\" class=\"size-full wp-image-587\" title=\"PENTAX Q mit zwei Objektiven\" src=\"http:\/\/www.foto.lamker.de\/wp-content\/uploads\/2011\/10\/IMGP9450_PENTAX-K-7_2011.jpg\" alt=\"PENTAX Q mit zwei Objektiven\" width=\"500\" height=\"332\" srcset=\"http:\/\/www.foto.lamker.de\/wp-content\/uploads\/2011\/10\/IMGP9450_PENTAX-K-7_2011.jpg 500w, http:\/\/www.foto.lamker.de\/wp-content\/uploads\/2011\/10\/IMGP9450_PENTAX-K-7_2011-150x100.jpg 150w\" sizes=\"auto, (max-width: 500px) 100vw, 500px\" \/><\/a><figcaption id=\"caption-attachment-587\" class=\"wp-caption-text\">PENTAX Q mit zwei Objektiven<\/figcaption><\/figure>\n<p>&nbsp;<\/p>\n<ul>\n<li>Neues Kamerasystem ab Herbst 2011, in beide Richtungen inkompatibel zum Pentax K-Bajonett<\/li>\n<li>F\u00fcnf Objektive wurden im September 2011 gemeinsam mit der Pentax Q eingef\u00fchrt<\/li>\n<li>Erstmals Einf\u00fchrung sogenannter &#8222;Toy Lenses&#8220; als besonders g\u00fcnstige Objektive mit fester Blende<\/li>\n<li>Kit-Objektive zur Q:<br \/>\n1.9\/8.5 mm StandardPrime (\u00e4quiv. 47 mm) oder 2.8-4.5\/5-15 mm StandardZoom (\u00e4quiv. 27,5-83 mm)<\/li>\n<li>Toy Lenses:<br \/>\n3,2 mm FishEye, 6,3 mm Weitwinkel, 18 mm Tele<\/li>\n<\/ul>\n<p>Eine ausf\u00fchrlichere Beschreibung findet ihr von Arnold im DFN-Wiki:<br \/>\n<a href=\"http:\/\/forum.digitalfotonetz.de\/kb.php?mode=article&amp;k=5\" target=\"_blank\">http:\/\/forum.digitalfotonetz.de\/kb.php?mode=article&amp;k=5 <\/a><\/p>\n<p>Besucht auch Arnold Starks Pentax-Seiten:<br \/>\n<a href=\"http:\/\/www.yaaastark.de\/pentax\/pentax.htm\" target=\"_blank\">http:\/\/www.yaaastark.de\/pentax\/pentax.htm <\/a><\/p>\n","protected":false},"excerpt":{"rendered":"<p>Fotos und Textteile mit freundlicher Genehmigung von Arnold Stark und Pentax Europe. F\u00fcr alle hier noch mal die Auflistung der Pentax Objektiv-Baureihen mit K-Bajonett. Vorher gab es bereits eine Vielzahl von Pentax-Objektiven mit M42-Gewinde, die ber\u00fchmten &#8222;Takumare&#8220;, die man auch heute noch gelegentlich in Gebrauchtb\u00f6rsen finden kann. SMC K, ab ca. 1975 Objektive mit K-Bajonett, &hellip; <a href=\"http:\/\/www.foto.lamker.de\/?page_id=70\" class=\"more-link\"><span class=\"screen-reader-text\">Pentax Objektive<\/span> weiterlesen <span class=\"meta-nav\">&rarr;<\/span><\/a><\/p>\n","protected":false},"author":1,"featured_media":0,"parent":0,"menu_order":0,"comment_status":"open","ping_status":"open","template":"","meta":{"footnotes":""},"class_list":["post-70","page","type-page","status-publish","hentry"],"_links":{"self":[{"href":"http:\/\/www.foto.lamker.de\/index.php?rest_route=\/wp\/v2\/pages\/70","targetHints":{"allow":["GET"]}}],"collection":[{"href":"http:\/\/www.foto.lamker.de\/index.php?rest_route=\/wp\/v2\/pages"}],"about":[{"href":"http:\/\/www.foto.lamker.de\/index.php?rest_route=\/wp\/v2\/types\/page"}],"author":[{"embeddable":true,"href":"http:\/\/www.foto.lamker.de\/index.php?rest_route=\/wp\/v2\/users\/1"}],"replies":[{"embeddable":true,"href":"http:\/\/www.foto.lamker.de\/index.php?rest_route=%2Fwp%2Fv2%2Fcomments&post=70"}],"version-history":[{"count":13,"href":"http:\/\/www.foto.lamker.de\/index.php?rest_route=\/wp\/v2\/pages\/70\/revisions"}],"predecessor-version":[{"id":612,"href":"http:\/\/www.foto.lamker.de\/index.php?rest_route=\/wp\/v2\/pages\/70\/revisions\/612"}],"wp:attachment":[{"href":"http:\/\/www.foto.lamker.de\/index.php?rest_route=%2Fwp%2Fv2%2Fmedia&parent=70"}],"curies":[{"name":"wp","href":"https:\/\/api.w.org\/{rel}","templated":true}]}}